{"id":22,"date":"2023-07-09T17:16:22","date_gmt":"2023-07-09T17:16:22","guid":{"rendered":"https:\/\/anetttamm.com\/?page_id=22"},"modified":"2025-08-11T21:28:55","modified_gmt":"2025-08-11T21:28:55","slug":"about","status":"publish","type":"page","link":"https:\/\/anetttamm.com\/et\/about\/","title":{"rendered":"Biograafia"},"content":{"rendered":"<p class=\"has-text-align-left has-vollkorn-font-family\">Anett Tamm is a singer, improviser and composer who works in projects with diverse sounds and artistic ambitions. Anett&#8217;s main projects include the indie-jazz duo TamTam , the alternative folk-pop solo project Alonette the contemporary and improvisational jazz ensemble Anemoon and project &#8220;Borders&#8221; with David Chevallier Trio.<\/p>\n\n\n\n<figure class=\"wp-block-image size-large\"><img loading=\"lazy\" decoding=\"async\" width=\"818\" height=\"1024\" src=\"https:\/\/anetttamm.com\/wp-content\/uploads\/2024\/11\/IMG_8013-818x1024.jpg\" alt=\"\" class=\"wp-image-428\" srcset=\"https:\/\/anetttamm.com\/wp-content\/uploads\/2024\/11\/IMG_8013-818x1024.jpg 818w, https:\/\/anetttamm.com\/wp-content\/uploads\/2024\/11\/IMG_8013-240x300.jpg 240w, https:\/\/anetttamm.com\/wp-content\/uploads\/2024\/11\/IMG_8013-768x961.jpg 768w, https:\/\/anetttamm.com\/wp-content\/uploads\/2024\/11\/IMG_8013-1227x1536.jpg 1227w, https:\/\/anetttamm.com\/wp-content\/uploads\/2024\/11\/IMG_8013-1636x2048.jpg 1636w, https:\/\/anetttamm.com\/wp-content\/uploads\/2024\/11\/IMG_8013-10x12.jpg 10w, https:\/\/anetttamm.com\/wp-content\/uploads\/2024\/11\/IMG_8013-1568x1963.jpg 1568w, https:\/\/anetttamm.com\/wp-content\/uploads\/2024\/11\/IMG_8013-scaled.jpg 2045w\" sizes=\"auto, (max-width: 818px) 100vw, 818px\" \/><figcaption class=\"wp-element-caption\">by Joosep Kivim\u00e4e<\/figcaption><\/figure>\n\n\n\n<p class=\"has-text-align-left has-vollkorn-font-family\">As a vocalist, Anett has performed in the avant-garde ensemble IHA, led by Raimond M\u00e4gi, and in the alt-jazz group The Nonconceptual Art Club. She was the leader and composer of the art-pop band Alfa Collective, active from 2017-2022. Anett has collaborated with the French trio David Chevallier Trio since 2021, creating an original program &#8220;Borders&#8221; together, which they toured in Autumn 2024 in France, Luxembourg, Finland, Estonia and Latvia.<\/p>\n\n\n\n<p class=\"has-text-align-left has-vollkorn-font-family\">Anett has taken part of several special projects, including Kirke Karja&#8217;s &#8220;Sireenid&#8221;, Raimond M\u00e4gi&#8217;s &#8220;Purpurpunase liblika lend&#8221; and tribute concerts to Estonian composer Valter Ojak\u00e4\u00e4r. With her various ensembles, she has performed at festivals and venues in Estonia, Greece, France, Italy, Croatia, Latvia, Lithuania, Sweden, Finland and Germany.<\/p>\n\n\n\n<p class=\"has-text-align-left has-vollkorn-font-family\">Anett holds Bachelor of Arts and a Master of Music degrees in jazz and improvised music from the Estonian Academy of Music and Theatre and has also studied at the Academy of Music in Cologne. In 2022, Anett was awarded the Estonian Jazz Awards Young Jazz Talent prize.<\/p>\n\n\n\n<p class=\"has-vollkorn-font-family has-extra-large-font-size\"><span style=\"text-decoration: underline;\">PRESS<\/span><\/p>\n\n\n\n<p class=\"has-vollkorn-font-family\"><a href=\"https:\/\/www.allaboutjazz.com\/anett-tamm-a-unique-voice-from-the-baltics\">https:\/\/www.allaboutjazz.com\/anett-tamm-a-unique-voice-from-the-baltics<\/a><\/p>\n\n\n\n<figure class=\"wp-block-embed is-type-wp-embed is-provider-edasi-innustav-ja-hariv-ajakiri wp-block-embed-edasi-innustav-ja-hariv-ajakiri\"><div class=\"wp-block-embed__wrapper\">\n<blockquote class=\"wp-embedded-content\" data-secret=\"vB6ETTAki5\"><a href=\"https:\/\/edasi.org\/154293\/jazzkaare-fookuses-anett-tamm-unistan-et-saaksin-tulevikus-teha-agedaid-rahvusvahelisi-koostooprojekte\/\">Jazzkaare fookuses. Anett Tamm: unistan, et saaksin tulevikus teha \u00e4gedaid rahvusvahelisi koost\u00f6\u00f6projekte<\/a><\/blockquote><iframe loading=\"lazy\" class=\"wp-embedded-content\" sandbox=\"allow-scripts\" security=\"restricted\" style=\"position: absolute; visibility: hidden;\" title=\"&ldquo;&lt;i&gt;Jazzkaare fookuses.&lt;\/i&gt; &lt;b&gt;Anett Tamm:&lt;\/b&gt; unistan, et saaksin tulevikus teha &auml;gedaid rahvusvahelisi koost&ouml;&ouml;projekte&rdquo; &mdash; Edasi - Innustav ja hariv ajakiri\" src=\"https:\/\/edasi.org\/154293\/jazzkaare-fookuses-anett-tamm-unistan-et-saaksin-tulevikus-teha-agedaid-rahvusvahelisi-koostooprojekte\/embed\/#?secret=blKUz33pod#?secret=vB6ETTAki5\" data-secret=\"vB6ETTAki5\" width=\"500\" height=\"282\" frameborder=\"0\" marginwidth=\"0\" marginheight=\"0\" scrolling=\"no\"><\/iframe>\n<\/div><\/figure>\n\n\n\n<p class=\"has-vollkorn-font-family\"><a href=\"https:\/\/ekspress.delfi.ee\/artikkel\/96494733\/aasta-noore-jazzitalendi-auhinna-saanud-anett-tamme-band-teeb-imelist-muusikat-millesse-tasuks-uppuda\">https:\/\/ekspress.delfi.ee\/artikkel\/96494733\/aasta-noore-jazzitalendi-auhinna-saanud-anett-tamme-band-teeb-imelist-muusikat-millesse-tasuks-uppuda<\/a><\/p>\n\n\n\n<p class=\"has-vollkorn-font-family\"><a href=\"https:\/\/vikerraadio.err.ee\/1609207391\/maian-karmas-kulas-on-anett-tamm\">https:\/\/vikerraadio.err.ee\/1609207391\/maian-karmas-kulas-on-anett-tamm<\/a><\/p>","protected":false},"excerpt":{"rendered":"<p>Anett Tamm is a singer, improviser and composer who works in projects with diverse sounds and artistic ambitions. Anett&#8217;s main projects include the indie-jazz duo TamTam , the alternative folk-pop [&hellip;]<\/p>\n","protected":false},"author":1,"featured_media":0,"parent":0,"menu_order":0,"comment_status":"closed","ping_status":"closed","template":"","meta":{"_EventAllDay":false,"_EventTimezone":"","_EventStartDate":"","_EventEndDate":"","_EventStartDateUTC":"","_EventEndDateUTC":"","_EventShowMap":false,"_EventShowMapLink":false,"_EventURL":"","_EventCost":"","_EventCostDescription":"","_EventCurrencySymbol":"","_EventCurrencyCode":"","_EventCurrencyPosition":"","_EventDateTimeSeparator":"","_EventTimeRangeSeparator":"","_EventOrganizerID":[],"_EventVenueID":[],"_OrganizerEmail":"","_OrganizerPhone":"","_OrganizerWebsite":"","_VenueAddress":"","_VenueCity":"","_VenueCountry":"","_VenueProvince":"","_VenueState":"","_VenueZip":"","_VenuePhone":"","_VenueURL":"","_VenueStateProvince":"","_VenueLat":"","_VenueLng":"","_VenueShowMap":false,"_VenueShowMapLink":false,"footnotes":""},"class_list":["post-22","page","type-page","status-publish","hentry"],"jetpack_sharing_enabled":true,"_links":{"self":[{"href":"https:\/\/anetttamm.com\/et\/wp-json\/wp\/v2\/pages\/22","targetHints":{"allow":["GET"]}}],"collection":[{"href":"https:\/\/anetttamm.com\/et\/wp-json\/wp\/v2\/pages"}],"about":[{"href":"https:\/\/anetttamm.com\/et\/wp-json\/wp\/v2\/types\/page"}],"author":[{"embeddable":true,"href":"https:\/\/anetttamm.com\/et\/wp-json\/wp\/v2\/users\/1"}],"replies":[{"embeddable":true,"href":"https:\/\/anetttamm.com\/et\/wp-json\/wp\/v2\/comments?post=22"}],"version-history":[{"count":22,"href":"https:\/\/anetttamm.com\/et\/wp-json\/wp\/v2\/pages\/22\/revisions"}],"predecessor-version":[{"id":724,"href":"https:\/\/anetttamm.com\/et\/wp-json\/wp\/v2\/pages\/22\/revisions\/724"}],"wp:attachment":[{"href":"https:\/\/anetttamm.com\/et\/wp-json\/wp\/v2\/media?parent=22"}],"curies":[{"name":"wp","href":"https:\/\/api.w.org\/{rel}","templated":true}]}}